{"id":454,"date":"2022-11-18T11:58:20","date_gmt":"2022-11-18T11:58:20","guid":{"rendered":"https:\/\/escuelaclubdeleones.org\/?page_id=454"},"modified":"2023-07-27T18:32:04","modified_gmt":"2023-07-27T18:32:04","slug":"documentacion","status":"publish","type":"page","link":"https:\/\/escuelaclubdeleones.org\/index.php\/documentacion\/","title":{"rendered":"Documentaci\u00f3n"},"content":{"rendered":"<div class=\"wp-block-image\">\n<figure class=\"alignright size-full is-resized\"><img fetchpriority=\"high\" decoding=\"async\" src=\"https:\/\/escuelaclubdeleones.org\/wp-content\/uploads\/2023\/07\/Postura-5-2.fw_.png\" alt=\"\" class=\"wp-image-496\" width=\"300\" height=\"408\" srcset=\"https:\/\/escuelaclubdeleones.org\/wp-content\/uploads\/2023\/07\/Postura-5-2.fw_.png 600w, https:\/\/escuelaclubdeleones.org\/wp-content\/uploads\/2023\/07\/Postura-5-2.fw_-221x300.png 221w\" sizes=\"(max-width: 300px) 100vw, 300px\" \/><\/figure>\n<\/div>\n\n\n<div class=\"wp-block-columns alignwide is-layout-flex wp-container-core-columns-is-layout-9d6595d7 wp-block-columns-is-layout-flex\">\n<div class=\"wp-block-column is-vertically-aligned-center is-layout-flow wp-block-column-is-layout-flow\" style=\"flex-basis:85%\">\n<p class=\"has-text-align-right has-medium-font-size\"><a href=\"https:\/\/escuelaclubdeleones.org\/wp-content\/uploads\/2023\/04\/REGLAMENTO-INTERNO-EDUCACION-BASICA-FINAL-2.0.pdf\">Reglamento Interno Educaci\u00f3n B\u00e1sica<\/a> <\/p>\n<\/div>\n\n\n\n<div class=\"wp-block-column is-layout-flow wp-block-column-is-layout-flow\" style=\"flex-basis:15%\">\n<figure class=\"wp-block-image size-full\"><img decoding=\"async\" width=\"39\" height=\"48\" src=\"https:\/\/escuelaclubdeleones.org\/wp-content\/uploads\/2022\/11\/pdfmini.fw_.png\" alt=\"\" class=\"wp-image-463\"\/><\/figure>\n<\/div>\n<\/div>\n\n\n\n<div class=\"wp-block-columns alignwide is-layout-flex wp-container-core-columns-is-layout-9d6595d7 wp-block-columns-is-layout-flex\">\n<div class=\"wp-block-column is-vertically-aligned-center is-layout-flow wp-block-column-is-layout-flow\" style=\"flex-basis:85%\">\n<p class=\"has-text-align-right has-medium-font-size\"><a href=\"https:\/\/escuelaclubdeleones.org\/wp-content\/uploads\/2023\/04\/REGLAMENTO-INTERNO-CDL-EDUCACION-PARVULARIA-Final-2.0.pdf\">Reglamento Interno CDL Educaci\u00f3n Parvularia<\/a><\/p>\n<\/div>\n\n\n\n<div class=\"wp-block-column is-layout-flow wp-block-column-is-layout-flow\" style=\"flex-basis:15%\">\n<figure class=\"wp-block-image size-full\"><img decoding=\"async\" width=\"39\" height=\"48\" src=\"https:\/\/escuelaclubdeleones.org\/wp-content\/uploads\/2022\/11\/pdfmini.fw_.png\" alt=\"\" class=\"wp-image-463\"\/><\/figure>\n<\/div>\n<\/div>\n","protected":false},"excerpt":{"rendered":"<p>Reglamento Interno Educaci\u00f3n B\u00e1sica Reglamento Interno CDL Educaci\u00f3n Parvularia<\/p>\n","protected":false},"author":1,"featured_media":0,"parent":0,"menu_order":0,"comment_status":"closed","ping_status":"closed","template":"","meta":{"footnotes":""},"class_list":["post-454","page","type-page","status-publish","hentry"],"yoast_head":"<!-- This site is optimized with the Yoast SEO plugin v27.4 - https:\/\/yoast.com\/product\/yoast-seo-wordpress\/ -->\n<title>Documentaci\u00f3n - Escuela Especial<\/title>\n<meta name=\"robots\" content=\"index, follow, max-snippet:-1, max-image-preview:large, max-video-preview:-1\" \/>\n<link rel=\"canonical\" href=\"https:\/\/escuelaclubdeleones.org\/index.php\/documentacion\/\" \/>\n<meta property=\"og:locale\" content=\"es_ES\" \/>\n<meta property=\"og:type\" content=\"article\" \/>\n<meta property=\"og:title\" content=\"Documentaci\u00f3n - Escuela Especial\" \/>\n<meta property=\"og:description\" content=\"Reglamento Interno Educaci\u00f3n B\u00e1sica Reglamento Interno CDL Educaci\u00f3n Parvularia\" \/>\n<meta property=\"og:url\" content=\"https:\/\/escuelaclubdeleones.org\/index.php\/documentacion\/\" \/>\n<meta property=\"og:site_name\" content=\"Escuela Especial\" \/>\n<meta property=\"article:modified_time\" content=\"2023-07-27T18:32:04+00:00\" \/>\n<meta property=\"og:image\" content=\"https:\/\/escuelaclubdeleones.org\/wp-content\/uploads\/2023\/07\/Postura-5-2.fw_.png\" \/>\n<meta name=\"twitter:card\" content=\"summary_large_image\" \/>\n<meta name=\"twitter:label1\" content=\"Tiempo estimado de lectura\" \/>\n\t<meta name=\"twitter:data1\" content=\"1 minuto\" \/>\n<script type=\"application\/ld+json\" class=\"yoast-schema-graph\">{\"@context\":\"https:\\\/\\\/schema.org\",\"@graph\":[{\"@type\":\"WebPage\",\"@id\":\"https:\\\/\\\/escuelaclubdeleones.org\\\/index.php\\\/documentacion\\\/\",\"url\":\"https:\\\/\\\/escuelaclubdeleones.org\\\/index.php\\\/documentacion\\\/\",\"name\":\"Documentaci\u00f3n - Escuela Especial\",\"isPartOf\":{\"@id\":\"https:\\\/\\\/escuelaclubdeleones.org\\\/#website\"},\"primaryImageOfPage\":{\"@id\":\"https:\\\/\\\/escuelaclubdeleones.org\\\/index.php\\\/documentacion\\\/#primaryimage\"},\"image\":{\"@id\":\"https:\\\/\\\/escuelaclubdeleones.org\\\/index.php\\\/documentacion\\\/#primaryimage\"},\"thumbnailUrl\":\"https:\\\/\\\/escuelaclubdeleones.org\\\/wp-content\\\/uploads\\\/2023\\\/07\\\/Postura-5-2.fw_.png\",\"datePublished\":\"2022-11-18T11:58:20+00:00\",\"dateModified\":\"2023-07-27T18:32:04+00:00\",\"breadcrumb\":{\"@id\":\"https:\\\/\\\/escuelaclubdeleones.org\\\/index.php\\\/documentacion\\\/#breadcrumb\"},\"inLanguage\":\"es-CL\",\"potentialAction\":[{\"@type\":\"ReadAction\",\"target\":[\"https:\\\/\\\/escuelaclubdeleones.org\\\/index.php\\\/documentacion\\\/\"]}]},{\"@type\":\"ImageObject\",\"inLanguage\":\"es-CL\",\"@id\":\"https:\\\/\\\/escuelaclubdeleones.org\\\/index.php\\\/documentacion\\\/#primaryimage\",\"url\":\"https:\\\/\\\/escuelaclubdeleones.org\\\/wp-content\\\/uploads\\\/2023\\\/07\\\/Postura-5-2.fw_.png\",\"contentUrl\":\"https:\\\/\\\/escuelaclubdeleones.org\\\/wp-content\\\/uploads\\\/2023\\\/07\\\/Postura-5-2.fw_.png\",\"width\":600,\"height\":815},{\"@type\":\"BreadcrumbList\",\"@id\":\"https:\\\/\\\/escuelaclubdeleones.org\\\/index.php\\\/documentacion\\\/#breadcrumb\",\"itemListElement\":[{\"@type\":\"ListItem\",\"position\":1,\"name\":\"Portada\",\"item\":\"https:\\\/\\\/escuelaclubdeleones.org\\\/\"},{\"@type\":\"ListItem\",\"position\":2,\"name\":\"Documentaci\u00f3n\"}]},{\"@type\":\"WebSite\",\"@id\":\"https:\\\/\\\/escuelaclubdeleones.org\\\/#website\",\"url\":\"https:\\\/\\\/escuelaclubdeleones.org\\\/\",\"name\":\"Escuela Especial\",\"description\":\"Club de Leones Cruz del Sur\",\"publisher\":{\"@id\":\"https:\\\/\\\/escuelaclubdeleones.org\\\/#organization\"},\"potentialAction\":[{\"@type\":\"SearchAction\",\"target\":{\"@type\":\"EntryPoint\",\"urlTemplate\":\"https:\\\/\\\/escuelaclubdeleones.org\\\/?s={search_term_string}\"},\"query-input\":{\"@type\":\"PropertyValueSpecification\",\"valueRequired\":true,\"valueName\":\"search_term_string\"}}],\"inLanguage\":\"es-CL\"},{\"@type\":\"Organization\",\"@id\":\"https:\\\/\\\/escuelaclubdeleones.org\\\/#organization\",\"name\":\"Escuela Especial\",\"url\":\"https:\\\/\\\/escuelaclubdeleones.org\\\/\",\"logo\":{\"@type\":\"ImageObject\",\"inLanguage\":\"es-CL\",\"@id\":\"https:\\\/\\\/escuelaclubdeleones.org\\\/#\\\/schema\\\/logo\\\/image\\\/\",\"url\":\"https:\\\/\\\/escuelaclubdeleones.org\\\/wp-content\\\/uploads\\\/2022\\\/05\\\/logo.png\",\"contentUrl\":\"https:\\\/\\\/escuelaclubdeleones.org\\\/wp-content\\\/uploads\\\/2022\\\/05\\\/logo.png\",\"width\":300,\"height\":300,\"caption\":\"Escuela Especial\"},\"image\":{\"@id\":\"https:\\\/\\\/escuelaclubdeleones.org\\\/#\\\/schema\\\/logo\\\/image\\\/\"}}]}<\/script>\n<!-- \/ Yoast SEO plugin. -->","yoast_head_json":{"title":"Documentaci\u00f3n - Escuela Especial","robots":{"index":"index","follow":"follow","max-snippet":"max-snippet:-1","max-image-preview":"max-image-preview:large","max-video-preview":"max-video-preview:-1"},"canonical":"https:\/\/escuelaclubdeleones.org\/index.php\/documentacion\/","og_locale":"es_ES","og_type":"article","og_title":"Documentaci\u00f3n - Escuela Especial","og_description":"Reglamento Interno Educaci\u00f3n B\u00e1sica Reglamento Interno CDL Educaci\u00f3n Parvularia","og_url":"https:\/\/escuelaclubdeleones.org\/index.php\/documentacion\/","og_site_name":"Escuela Especial","article_modified_time":"2023-07-27T18:32:04+00:00","og_image":[{"url":"https:\/\/escuelaclubdeleones.org\/wp-content\/uploads\/2023\/07\/Postura-5-2.fw_.png","type":"","width":"","height":""}],"twitter_card":"summary_large_image","twitter_misc":{"Tiempo estimado de lectura":"1 minuto"},"schema":{"@context":"https:\/\/schema.org","@graph":[{"@type":"WebPage","@id":"https:\/\/escuelaclubdeleones.org\/index.php\/documentacion\/","url":"https:\/\/escuelaclubdeleones.org\/index.php\/documentacion\/","name":"Documentaci\u00f3n - Escuela Especial","isPartOf":{"@id":"https:\/\/escuelaclubdeleones.org\/#website"},"primaryImageOfPage":{"@id":"https:\/\/escuelaclubdeleones.org\/index.php\/documentacion\/#primaryimage"},"image":{"@id":"https:\/\/escuelaclubdeleones.org\/index.php\/documentacion\/#primaryimage"},"thumbnailUrl":"https:\/\/escuelaclubdeleones.org\/wp-content\/uploads\/2023\/07\/Postura-5-2.fw_.png","datePublished":"2022-11-18T11:58:20+00:00","dateModified":"2023-07-27T18:32:04+00:00","breadcrumb":{"@id":"https:\/\/escuelaclubdeleones.org\/index.php\/documentacion\/#breadcrumb"},"inLanguage":"es-CL","potentialAction":[{"@type":"ReadAction","target":["https:\/\/escuelaclubdeleones.org\/index.php\/documentacion\/"]}]},{"@type":"ImageObject","inLanguage":"es-CL","@id":"https:\/\/escuelaclubdeleones.org\/index.php\/documentacion\/#primaryimage","url":"https:\/\/escuelaclubdeleones.org\/wp-content\/uploads\/2023\/07\/Postura-5-2.fw_.png","contentUrl":"https:\/\/escuelaclubdeleones.org\/wp-content\/uploads\/2023\/07\/Postura-5-2.fw_.png","width":600,"height":815},{"@type":"BreadcrumbList","@id":"https:\/\/escuelaclubdeleones.org\/index.php\/documentacion\/#breadcrumb","itemListElement":[{"@type":"ListItem","position":1,"name":"Portada","item":"https:\/\/escuelaclubdeleones.org\/"},{"@type":"ListItem","position":2,"name":"Documentaci\u00f3n"}]},{"@type":"WebSite","@id":"https:\/\/escuelaclubdeleones.org\/#website","url":"https:\/\/escuelaclubdeleones.org\/","name":"Escuela Especial","description":"Club de Leones Cruz del Sur","publisher":{"@id":"https:\/\/escuelaclubdeleones.org\/#organization"},"potentialAction":[{"@type":"SearchAction","target":{"@type":"EntryPoint","urlTemplate":"https:\/\/escuelaclubdeleones.org\/?s={search_term_string}"},"query-input":{"@type":"PropertyValueSpecification","valueRequired":true,"valueName":"search_term_string"}}],"inLanguage":"es-CL"},{"@type":"Organization","@id":"https:\/\/escuelaclubdeleones.org\/#organization","name":"Escuela Especial","url":"https:\/\/escuelaclubdeleones.org\/","logo":{"@type":"ImageObject","inLanguage":"es-CL","@id":"https:\/\/escuelaclubdeleones.org\/#\/schema\/logo\/image\/","url":"https:\/\/escuelaclubdeleones.org\/wp-content\/uploads\/2022\/05\/logo.png","contentUrl":"https:\/\/escuelaclubdeleones.org\/wp-content\/uploads\/2022\/05\/logo.png","width":300,"height":300,"caption":"Escuela Especial"},"image":{"@id":"https:\/\/escuelaclubdeleones.org\/#\/schema\/logo\/image\/"}}]}},"_links":{"self":[{"href":"https:\/\/escuelaclubdeleones.org\/index.php\/wp-json\/wp\/v2\/pages\/454","targetHints":{"allow":["GET"]}}],"collection":[{"href":"https:\/\/escuelaclubdeleones.org\/index.php\/wp-json\/wp\/v2\/pages"}],"about":[{"href":"https:\/\/escuelaclubdeleones.org\/index.php\/wp-json\/wp\/v2\/types\/page"}],"author":[{"embeddable":true,"href":"https:\/\/escuelaclubdeleones.org\/index.php\/wp-json\/wp\/v2\/users\/1"}],"replies":[{"embeddable":true,"href":"https:\/\/escuelaclubdeleones.org\/index.php\/wp-json\/wp\/v2\/comments?post=454"}],"version-history":[{"count":5,"href":"https:\/\/escuelaclubdeleones.org\/index.php\/wp-json\/wp\/v2\/pages\/454\/revisions"}],"predecessor-version":[{"id":502,"href":"https:\/\/escuelaclubdeleones.org\/index.php\/wp-json\/wp\/v2\/pages\/454\/revisions\/502"}],"wp:attachment":[{"href":"https:\/\/escuelaclubdeleones.org\/index.php\/wp-json\/wp\/v2\/media?parent=454"}],"curies":[{"name":"wp","href":"https:\/\/api.w.org\/{rel}","templated":true}]}}